{"id":2428,"date":"2024-12-19T10:02:27","date_gmt":"2024-12-19T09:02:27","guid":{"rendered":"https:\/\/grupoprolutec.com\/nautral-2\/"},"modified":"2024-12-30T11:23:37","modified_gmt":"2024-12-30T10:23:37","slug":"nautral","status":"publish","type":"page","link":"https:\/\/grupoprolutec.com\/en\/learning\/nautral\/","title":{"rendered":"Nautral"},"content":{"rendered":"\t\t<div data-elementor-type=\"wp-page\" data-elementor-id=\"2428\" class=\"elementor elementor-2428 elementor-2272\" data-elementor-post-type=\"page\">\n\t\t\t\t\t\t\t<div class=\"elementor-element elementor-element-2c2613b e-flex e-con-boxed e-con e-parent\" data-id=\"2c2613b\" data-element_type=\"container\" data-settings=\"{&quot;background_background&quot;:&quot;classic&quot;,&quot;container_type&quot;:&quot;flex&quot;,&quot;content_width&quot;:&quot;boxed&quot;}\" data-core-v316-plus=\"true\">\n\t\t\t\t\t<div class=\"e-con-inner\">\n\t\t<div class=\"elementor-element elementor-element-bb49c01 e-flex e-con-boxed e-con e-child\" data-id=\"bb49c01\" data-element_type=\"container\" data-settings=\"{&quot;container_type&quot;:&quot;flex&quot;,&quot;content_width&quot;:&quot;boxed&quot;}\">\n\t\t\t\t\t<div class=\"e-con-inner\">\n\t\t\t\t<div class=\"elementor-element elementor-element-ddedd09 destacado elementor-widget elementor-widget-heading\" data-id=\"ddedd09\" data-element_type=\"widget\" data-widget_type=\"heading.default\">\n\t\t\t\t<div class=\"elementor-widget-container\">\n\t\t\t<style>\/*! elementor - v3.18.0 - 20-12-2023 *\/\n.elementor-heading-title{padding:0;margin:0;line-height:1}.elementor-widget-heading .elementor-heading-title[class*=elementor-size-]>a{color:inherit;font-size:inherit;line-height:inherit}.elementor-widget-heading .elementor-heading-title.elementor-size-small{font-size:15px}.elementor-widget-heading .elementor-heading-title.elementor-size-medium{font-size:19px}.elementor-widget-heading .elementor-heading-title.elementor-size-large{font-size:29px}.elementor-widget-heading .elementor-heading-title.elementor-size-xl{font-size:39px}.elementor-widget-heading .elementor-heading-title.elementor-size-xxl{font-size:59px}<\/style><h3 class=\"elementor-heading-title elementor-size-default\">Nautral Learning<\/h3>\t\t<\/div>\n\t\t\t\t<\/div>\n\t\t\t\t\t<\/div>\n\t\t\t\t<\/div>\n\t\t<div class=\"elementor-element elementor-element-5bc4b07 e-flex e-con-boxed e-con e-child\" data-id=\"5bc4b07\" data-element_type=\"container\" data-settings=\"{&quot;container_type&quot;:&quot;flex&quot;,&quot;content_width&quot;:&quot;boxed&quot;}\">\n\t\t\t\t\t<div class=\"e-con-inner\">\n\t\t<div class=\"elementor-element elementor-element-b4b0bbc e-flex e-con-boxed e-con e-child\" data-id=\"b4b0bbc\" data-element_type=\"container\" data-settings=\"{&quot;container_type&quot;:&quot;flex&quot;,&quot;content_width&quot;:&quot;boxed&quot;}\">\n\t\t\t\t\t<div class=\"e-con-inner\">\n\t\t\t\t<div class=\"elementor-element elementor-element-5fed47b elementor-widget elementor-widget-image\" data-id=\"5fed47b\" data-element_type=\"widget\" data-widget_type=\"image.default\">\n\t\t\t\t<div class=\"elementor-widget-container\">\n\t\t\t<style>\/*! elementor - v3.18.0 - 20-12-2023 *\/\n.elementor-widget-image{text-align:center}.elementor-widget-image a{display:inline-block}.elementor-widget-image a img[src$=\".svg\"]{width:48px}.elementor-widget-image img{vertical-align:middle;display:inline-block}<\/style>\t\t\t\t\t\t\t\t\t\t\t\t<img fetchpriority=\"high\" decoding=\"async\" width=\"647\" height=\"561\" src=\"https:\/\/grupoprolutec.com\/app\/uploads\/2024\/12\/nautral-learning.jpg\" class=\"attachment-large size-large wp-image-2187\" alt=\"\" srcset=\"https:\/\/grupoprolutec.com\/app\/uploads\/2024\/12\/nautral-learning.jpg 647w, https:\/\/grupoprolutec.com\/app\/uploads\/2024\/12\/nautral-learning-300x260.jpg 300w\" sizes=\"(max-width: 647px) 100vw, 647px\" \/>\t\t\t\t\t\t\t\t\t\t\t\t\t\t\t<\/div>\n\t\t\t\t<\/div>\n\t\t\t\t\t<\/div>\n\t\t\t\t<\/div>\n\t\t<div class=\"elementor-element elementor-element-4c94bb4 e-flex e-con-boxed e-con e-child\" data-id=\"4c94bb4\" data-element_type=\"container\" data-settings=\"{&quot;container_type&quot;:&quot;flex&quot;,&quot;content_width&quot;:&quot;boxed&quot;}\">\n\t\t\t\t\t<div class=\"e-con-inner\">\n\t\t\t\t<div class=\"elementor-element elementor-element-824f132 destacado elementor-widget elementor-widget-heading\" data-id=\"824f132\" data-element_type=\"widget\" data-widget_type=\"heading.default\">\n\t\t\t\t<div class=\"elementor-widget-container\">\n\t\t\t<h5 class=\"elementor-heading-title elementor-size-default\">Mission<\/h5>\t\t<\/div>\n\t\t\t\t<\/div>\n\t\t\t\t<div class=\"elementor-element elementor-element-0583f19 elementor-widget elementor-widget-text-editor\" data-id=\"0583f19\" data-element_type=\"widget\" data-widget_type=\"text-editor.default\">\n\t\t\t\t<div class=\"elementor-widget-container\">\n\t\t\t<style>\/*! elementor - v3.18.0 - 20-12-2023 *\/\n.elementor-widget-text-editor.elementor-drop-cap-view-stacked .elementor-drop-cap{background-color:#69727d;color:#fff}.elementor-widget-text-editor.elementor-drop-cap-view-framed .elementor-drop-cap{color:#69727d;border:3px solid;background-color:transparent}.elementor-widget-text-editor:not(.elementor-drop-cap-view-default) .elementor-drop-cap{margin-top:8px}.elementor-widget-text-editor:not(.elementor-drop-cap-view-default) .elementor-drop-cap-letter{width:1em;height:1em}.elementor-widget-text-editor .elementor-drop-cap{float:left;text-align:center;line-height:1;font-size:50px}.elementor-widget-text-editor .elementor-drop-cap-letter{display:inline-block}<\/style>\t\t\t\t<p><strong>Nautral Learning <\/strong>is committed to <strong>ensuring food safety and environmental protection<\/strong> through specialized technical training. We <strong>empower our clients<\/strong> to implement optimal <strong>water treatment<\/strong> practices, complying with regulations and optimizing resources.<\/p>\n\t\t\t\t\t\t<\/div>\n\t\t\t\t<\/div>\n\t\t\t\t<div class=\"elementor-element elementor-element-2afe935 destacado elementor-widget elementor-widget-heading\" data-id=\"2afe935\" data-element_type=\"widget\" data-widget_type=\"heading.default\">\n\t\t\t\t<div class=\"elementor-widget-container\">\n\t\t\t<h5 class=\"elementor-heading-title elementor-size-default\">Vision<\/h5>\t\t<\/div>\n\t\t\t\t<\/div>\n\t\t\t\t<div class=\"elementor-element elementor-element-e34ab59 check-list elementor-widget elementor-widget-text-editor\" data-id=\"e34ab59\" data-element_type=\"widget\" data-widget_type=\"text-editor.default\">\n\t\t\t\t<div class=\"elementor-widget-container\">\n\t\t\t\t\t\t\t<p>To be <strong>industry leaders <\/strong>in promoting a <strong>culture of prevention<\/strong> and <strong>sustainability<\/strong>.<\/p>\n<p>We aspire for our clients to be <strong>water management experts, capable of identifying and efficiently resolving issues,<\/strong> thus contributing to continuous process improvement. <\/p>\n\t\t\t\t\t\t<\/div>\n\t\t\t\t<\/div>\n\t\t\t\t\t<\/div>\n\t\t\t\t<\/div>\n\t\t\t\t\t<\/div>\n\t\t\t\t<\/div>\n\t\t\t\t\t<\/div>\n\t\t\t\t<\/div>\n\t\t<div class=\"elementor-element elementor-element-f8f1dde e-flex e-con-boxed e-con e-parent\" data-id=\"f8f1dde\" data-element_type=\"container\" data-settings=\"{&quot;container_type&quot;:&quot;flex&quot;,&quot;content_width&quot;:&quot;boxed&quot;}\" data-core-v316-plus=\"true\">\n\t\t\t\t\t<div class=\"e-con-inner\">\n\t\t<div class=\"elementor-element elementor-element-645bece e-flex e-con-boxed e-con e-child\" data-id=\"645bece\" data-element_type=\"container\" data-settings=\"{&quot;background_background&quot;:&quot;classic&quot;,&quot;container_type&quot;:&quot;flex&quot;,&quot;content_width&quot;:&quot;boxed&quot;}\">\n\t\t\t\t\t<div class=\"e-con-inner\">\n\t\t<div class=\"elementor-element elementor-element-e5c006f e-flex e-con-boxed e-con e-child\" data-id=\"e5c006f\" data-element_type=\"container\" data-settings=\"{&quot;container_type&quot;:&quot;flex&quot;,&quot;content_width&quot;:&quot;boxed&quot;}\">\n\t\t\t\t\t<div class=\"e-con-inner\">\n\t\t\t\t<div class=\"elementor-element elementor-element-203b7f4 elementor-widget elementor-widget-heading\" data-id=\"203b7f4\" data-element_type=\"widget\" data-widget_type=\"heading.default\">\n\t\t\t\t<div class=\"elementor-widget-container\">\n\t\t\t<h2 class=\"elementor-heading-title elementor-size-default\">More information?<\/h2>\t\t<\/div>\n\t\t\t\t<\/div>\n\t\t\t\t<div class=\"elementor-element elementor-element-1c8309b elementor-widget elementor-widget-shortcode\" data-id=\"1c8309b\" data-element_type=\"widget\" data-widget_type=\"shortcode.default\">\n\t\t\t\t<div class=\"elementor-widget-container\">\n\t\t\t\t\t<div class=\"elementor-shortcode\">\n<div class=\"wpcf7 no-js\" id=\"wpcf7-f2214-o1\" lang=\"es-ES\" dir=\"ltr\">\n<div class=\"screen-reader-response\"><p role=\"status\" aria-live=\"polite\" aria-atomic=\"true\"><\/p> <ul><\/ul><\/div>\n<form action=\"\/en\/wp-json\/wp\/v2\/pages\/2428#wpcf7-f2214-o1\" method=\"post\" class=\"wpcf7-form init\" aria-label=\"Formulario de contacto\" novalidate=\"novalidate\" data-status=\"init\">\n<div style=\"display: none;\">\n<input type=\"hidden\" name=\"_wpcf7\" value=\"2214\" \/>\n<input type=\"hidden\" name=\"_wpcf7_version\" value=\"5.8.6\" \/>\n<input type=\"hidden\" name=\"_wpcf7_locale\" value=\"es_ES\" \/>\n<input type=\"hidden\" name=\"_wpcf7_unit_tag\" value=\"wpcf7-f2214-o1\" \/>\n<input type=\"hidden\" name=\"_wpcf7_container_post\" value=\"0\" \/>\n<input type=\"hidden\" name=\"_wpcf7_posted_data_hash\" value=\"\" \/>\n<\/div>\n<div class=\"row\">\n\t<div class=\"col-md-6\">\n\t\t<p><label>Nombre y Apellidos<br \/>\n<span class=\"wpcf7-form-control-wrap\" data-name=\"your-name\"><input size=\"40\" class=\"wpcf7-form-control wpcf7-text wpcf7-validates-as-required\" autocomplete=\"name\" aria-required=\"true\" aria-invalid=\"false\" value=\"\" type=\"text\" name=\"your-name\" \/><\/span> <\/label>\n\t\t<\/p>\n\t<\/div>\n\t<div class=\"col-md-6\">\n\t\t<p><label>Correo electr\u00f3nico<br \/>\n<span class=\"wpcf7-form-control-wrap\" data-name=\"your-email\"><input size=\"40\" class=\"wpcf7-form-control wpcf7-email wpcf7-validates-as-required wpcf7-text wpcf7-validates-as-email\" autocomplete=\"email\" aria-required=\"true\" aria-invalid=\"false\" value=\"\" type=\"email\" name=\"your-email\" \/><\/span> <\/label>\n\t\t<\/p>\n\t<\/div>\n\t<div class=\"col-md-6\">\n\t\t<p><label>Tel\u00e9fono<br \/>\n<span class=\"wpcf7-form-control-wrap\" data-name=\"telefono\"><input size=\"40\" class=\"wpcf7-form-control wpcf7-tel wpcf7-text wpcf7-validates-as-tel\" aria-invalid=\"false\" value=\"\" type=\"tel\" name=\"telefono\" \/><\/span><\/label>\n\t\t<\/p>\n\t<\/div>\n\t<div class=\"col-md-6\">\n\t\t<p><label>Servicio<br \/>\n<span class=\"wpcf7-form-control-wrap\" data-name=\"servicio\"><select class=\"wpcf7-form-control wpcf7-select\" aria-invalid=\"false\" name=\"servicio\"><option value=\"\">&#8212;Por favor, elige una opci\u00f3n&#8212;<\/option><option value=\"Tipo de servicio\">Tipo de servicio<\/option><option value=\"Formaci\u00f3n\">Formaci\u00f3n<\/option><option value=\"Auditor\u00eda\">Auditor\u00eda<\/option><option value=\"Consultor\u00eda\">Consultor\u00eda<\/option><option value=\"Plan de lubricaci\u00f3n\">Plan de lubricaci\u00f3n<\/option><\/select><\/span><\/label>\n\t\t<\/p>\n\t<\/div>\n\t<div class=\"col-md-12\">\n\t\t<p><label>Mensaje<br \/>\n<span class=\"wpcf7-form-control-wrap\" data-name=\"your-message\"><textarea cols=\"40\" rows=\"10\" class=\"wpcf7-form-control wpcf7-textarea\" aria-invalid=\"false\" name=\"your-message\"><\/textarea><\/span> <\/label>\n\t\t<\/p>\n\t\t<p><span class=\"wpcf7-form-control-wrap\" data-name=\"acceptance-423\"><span class=\"wpcf7-form-control wpcf7-acceptance\"><span class=\"wpcf7-list-item\"><label><input type=\"checkbox\" name=\"acceptance-423\" value=\"1\" aria-invalid=\"false\" \/><span class=\"wpcf7-list-item-label\">He le\u00eddo y acepto la <a href=\"https:\/\/grupoprolutec.com\/politica-privacidad\/\" target=\"_blank\">Pol\u00edtica de privacidad<\/a><\/span><\/label><\/span><\/span><\/span>\n\t\t<\/p>\n\t\t<p><span class=\"wpcf7-form-control-wrap\" data-name=\"acceptance-424\"><span class=\"wpcf7-form-control wpcf7-acceptance optional\"><span class=\"wpcf7-list-item\"><label><input type=\"checkbox\" name=\"acceptance-424\" value=\"1\" aria-invalid=\"false\" \/><span class=\"wpcf7-list-item-label\">Acepto recibir informaci\u00f3n sobre las actividades, novedades, servicios y\/o productos de PROLUTEC, S.A.<\/span><\/label><\/span><\/span><\/span>\n\t\t<\/p>\n\t\t<p><small>PROLUTEC, S.A. te informa que los datos de car\u00e1cter personal que nos proporciones rellenando el presente formulario ser\u00e1n tratados por PROLUTEC, S.A. como responsable de esta web. La finalidad de la recogida y tratamiento de los datos personales que te solicitamos es para enviarte nuestras publicaciones, promociones de productos y\/o Servicios y recursos exclusivos. La legitimaci\u00f3n se realiza a trav\u00e9s del consentimiento del interesado. Te informamos que los datos que nos facilitas los guardar\u00e1 PROLUTEC, S.A. El hecho de que no introduzcas los datos de car\u00e1cter personal que aparecen en el formulario como obligatorios podr\u00e1 tener como consecuencia que no podamos atender tu solicitud. Los datos no se ceder\u00e1n a terceros a no ser que lo exija una ley o sea necesario para cumplir con la finalidad del tratamiento. Podr\u00e1s ejercer tus derechos de acceso, rectificaci\u00f3n, limitaci\u00f3n, portabilidad, supresi\u00f3n y cancelaci\u00f3n de los datos en info@prolutec.es as\u00ed como el derecho a presentar una reclamaci\u00f3n ante una autoridad de control. Puedes consultar la informaci\u00f3n adicional y detallada sobre Protecci\u00f3n de Datos en nuestra <a href=\"https:\/\/grupoprolutec.com\/politica-privacidad\/\" target=\"_blank\">Pol\u00edtica de privacidad<\/a>.<\/small>\n\t\t<\/p>\n\t<\/div>\n\t<div class=\"col-md-12\">\n\t\t<p><input class=\"wpcf7-form-control wpcf7-submit has-spinner\" type=\"submit\" value=\"Enviar\" \/>\n\t\t<\/p>\n\t<\/div>\n<\/div><div class=\"wpcf7-response-output\" aria-hidden=\"true\"><\/div>\n<\/form>\n<\/div>\n<\/div>\n\t\t\t\t<\/div>\n\t\t\t\t<\/div>\n\t\t\t\t\t<\/div>\n\t\t\t\t<\/div>\n\t\t\t\t\t<\/div>\n\t\t\t\t<\/div>\n\t\t\t\t\t<\/div>\n\t\t\t\t<\/div>\n\t\t\t\t\t\t\t<\/div>\n\t\t","protected":false},"excerpt":{"rendered":"<p>Nautral Learning Mission Nautral Learning is committed to ensuring food safety and environmental protection through specialized technical training. We empower our clients to implement optimal water treatment practices, complying with&#8230;<\/p>\n","protected":false},"author":1,"featured_media":0,"parent":2432,"menu_order":4,"comment_status":"closed","ping_status":"closed","template":"","meta":{"_acf_changed":false,"inline_featured_image":false,"footnotes":""},"class_list":["post-2428","page","type-page","status-publish","hentry"],"acf":[],"yoast_head":"<!-- This site is optimized with the Yoast SEO plugin v24.2 - https:\/\/yoast.com\/wordpress\/plugins\/seo\/ -->\n<title>Nautral - Grupo Prolutec<\/title>\n<meta name=\"robots\" content=\"index, follow, max-snippet:-1, max-image-preview:large, max-video-preview:-1\" \/>\n<link rel=\"canonical\" href=\"https:\/\/grupoprolutec.com\/en\/learning\/nautral\/\" \/>\n<meta property=\"og:locale\" content=\"en_US\" \/>\n<meta property=\"og:type\" content=\"article\" \/>\n<meta property=\"og:title\" content=\"Nautral - Grupo Prolutec\" \/>\n<meta property=\"og:description\" content=\"Nautral Learning Mission Nautral Learning is committed to ensuring food safety and environmental protection through specialized technical training. We empower our clients to implement optimal water treatment practices, complying with...\" \/>\n<meta property=\"og:url\" content=\"https:\/\/grupoprolutec.com\/en\/learning\/nautral\/\" \/>\n<meta property=\"og:site_name\" content=\"Grupo Prolutec\" \/>\n<meta property=\"article:modified_time\" content=\"2024-12-30T10:23:37+00:00\" \/>\n<meta property=\"og:image\" content=\"https:\/\/grupoprolutec.com\/app\/uploads\/2024\/12\/nautral-learning.jpg\" \/>\n<meta name=\"twitter:card\" content=\"summary_large_image\" \/>\n<meta name=\"twitter:label1\" content=\"Est. reading time\" \/>\n\t<meta name=\"twitter:data1\" content=\"1 minute\" \/>\n<script type=\"application\/ld+json\" class=\"yoast-schema-graph\">{\"@context\":\"https:\/\/schema.org\",\"@graph\":[{\"@type\":\"WebPage\",\"@id\":\"https:\/\/grupoprolutec.com\/en\/learning\/nautral\/\",\"url\":\"https:\/\/grupoprolutec.com\/en\/learning\/nautral\/\",\"name\":\"Nautral - Grupo Prolutec\",\"isPartOf\":{\"@id\":\"https:\/\/grupoprolutec.com\/en\/#website\"},\"primaryImageOfPage\":{\"@id\":\"https:\/\/grupoprolutec.com\/en\/learning\/nautral\/#primaryimage\"},\"image\":{\"@id\":\"https:\/\/grupoprolutec.com\/en\/learning\/nautral\/#primaryimage\"},\"thumbnailUrl\":\"https:\/\/grupoprolutec.com\/app\/uploads\/2024\/12\/nautral-learning.jpg\",\"datePublished\":\"2024-12-19T09:02:27+00:00\",\"dateModified\":\"2024-12-30T10:23:37+00:00\",\"breadcrumb\":{\"@id\":\"https:\/\/grupoprolutec.com\/en\/learning\/nautral\/#breadcrumb\"},\"inLanguage\":\"en-US\",\"potentialAction\":[{\"@type\":\"ReadAction\",\"target\":[\"https:\/\/grupoprolutec.com\/en\/learning\/nautral\/\"]}]},{\"@type\":\"ImageObject\",\"inLanguage\":\"en-US\",\"@id\":\"https:\/\/grupoprolutec.com\/en\/learning\/nautral\/#primaryimage\",\"url\":\"https:\/\/grupoprolutec.com\/app\/uploads\/2024\/12\/nautral-learning.jpg\",\"contentUrl\":\"https:\/\/grupoprolutec.com\/app\/uploads\/2024\/12\/nautral-learning.jpg\"},{\"@type\":\"BreadcrumbList\",\"@id\":\"https:\/\/grupoprolutec.com\/en\/learning\/nautral\/#breadcrumb\",\"itemListElement\":[{\"@type\":\"ListItem\",\"position\":1,\"name\":\"Learning\",\"item\":\"https:\/\/grupoprolutec.com\/en\/formacion\/\"},{\"@type\":\"ListItem\",\"position\":2,\"name\":\"Nautral\"}]},{\"@type\":\"WebSite\",\"@id\":\"https:\/\/grupoprolutec.com\/en\/#website\",\"url\":\"https:\/\/grupoprolutec.com\/en\/\",\"name\":\"Grupo Prolutec\",\"description\":\"\",\"potentialAction\":[{\"@type\":\"SearchAction\",\"target\":{\"@type\":\"EntryPoint\",\"urlTemplate\":\"https:\/\/grupoprolutec.com\/en\/?s={search_term_string}\"},\"query-input\":{\"@type\":\"PropertyValueSpecification\",\"valueRequired\":true,\"valueName\":\"search_term_string\"}}],\"inLanguage\":\"en-US\"}]}<\/script>\n<!-- \/ Yoast SEO plugin. -->","yoast_head_json":{"title":"Nautral - Grupo Prolutec","robots":{"index":"index","follow":"follow","max-snippet":"max-snippet:-1","max-image-preview":"max-image-preview:large","max-video-preview":"max-video-preview:-1"},"canonical":"https:\/\/grupoprolutec.com\/en\/learning\/nautral\/","og_locale":"en_US","og_type":"article","og_title":"Nautral - Grupo Prolutec","og_description":"Nautral Learning Mission Nautral Learning is committed to ensuring food safety and environmental protection through specialized technical training. We empower our clients to implement optimal water treatment practices, complying with...","og_url":"https:\/\/grupoprolutec.com\/en\/learning\/nautral\/","og_site_name":"Grupo Prolutec","article_modified_time":"2024-12-30T10:23:37+00:00","og_image":[{"url":"https:\/\/grupoprolutec.com\/app\/uploads\/2024\/12\/nautral-learning.jpg","type":"","width":"","height":""}],"twitter_card":"summary_large_image","twitter_misc":{"Est. reading time":"1 minute"},"schema":{"@context":"https:\/\/schema.org","@graph":[{"@type":"WebPage","@id":"https:\/\/grupoprolutec.com\/en\/learning\/nautral\/","url":"https:\/\/grupoprolutec.com\/en\/learning\/nautral\/","name":"Nautral - Grupo Prolutec","isPartOf":{"@id":"https:\/\/grupoprolutec.com\/en\/#website"},"primaryImageOfPage":{"@id":"https:\/\/grupoprolutec.com\/en\/learning\/nautral\/#primaryimage"},"image":{"@id":"https:\/\/grupoprolutec.com\/en\/learning\/nautral\/#primaryimage"},"thumbnailUrl":"https:\/\/grupoprolutec.com\/app\/uploads\/2024\/12\/nautral-learning.jpg","datePublished":"2024-12-19T09:02:27+00:00","dateModified":"2024-12-30T10:23:37+00:00","breadcrumb":{"@id":"https:\/\/grupoprolutec.com\/en\/learning\/nautral\/#breadcrumb"},"inLanguage":"en-US","potentialAction":[{"@type":"ReadAction","target":["https:\/\/grupoprolutec.com\/en\/learning\/nautral\/"]}]},{"@type":"ImageObject","inLanguage":"en-US","@id":"https:\/\/grupoprolutec.com\/en\/learning\/nautral\/#primaryimage","url":"https:\/\/grupoprolutec.com\/app\/uploads\/2024\/12\/nautral-learning.jpg","contentUrl":"https:\/\/grupoprolutec.com\/app\/uploads\/2024\/12\/nautral-learning.jpg"},{"@type":"BreadcrumbList","@id":"https:\/\/grupoprolutec.com\/en\/learning\/nautral\/#breadcrumb","itemListElement":[{"@type":"ListItem","position":1,"name":"Learning","item":"https:\/\/grupoprolutec.com\/en\/formacion\/"},{"@type":"ListItem","position":2,"name":"Nautral"}]},{"@type":"WebSite","@id":"https:\/\/grupoprolutec.com\/en\/#website","url":"https:\/\/grupoprolutec.com\/en\/","name":"Grupo Prolutec","description":"","potentialAction":[{"@type":"SearchAction","target":{"@type":"EntryPoint","urlTemplate":"https:\/\/grupoprolutec.com\/en\/?s={search_term_string}"},"query-input":{"@type":"PropertyValueSpecification","valueRequired":true,"valueName":"search_term_string"}}],"inLanguage":"en-US"}]}},"_links":{"self":[{"href":"https:\/\/grupoprolutec.com\/en\/wp-json\/wp\/v2\/pages\/2428","targetHints":{"allow":["GET"]}}],"collection":[{"href":"https:\/\/grupoprolutec.com\/en\/wp-json\/wp\/v2\/pages"}],"about":[{"href":"https:\/\/grupoprolutec.com\/en\/wp-json\/wp\/v2\/types\/page"}],"author":[{"embeddable":true,"href":"https:\/\/grupoprolutec.com\/en\/wp-json\/wp\/v2\/users\/1"}],"replies":[{"embeddable":true,"href":"https:\/\/grupoprolutec.com\/en\/wp-json\/wp\/v2\/comments?post=2428"}],"version-history":[{"count":4,"href":"https:\/\/grupoprolutec.com\/en\/wp-json\/wp\/v2\/pages\/2428\/revisions"}],"predecessor-version":[{"id":2441,"href":"https:\/\/grupoprolutec.com\/en\/wp-json\/wp\/v2\/pages\/2428\/revisions\/2441"}],"up":[{"embeddable":true,"href":"https:\/\/grupoprolutec.com\/en\/wp-json\/wp\/v2\/pages\/2432"}],"wp:attachment":[{"href":"https:\/\/grupoprolutec.com\/en\/wp-json\/wp\/v2\/media?parent=2428"}],"curies":[{"name":"wp","href":"https:\/\/api.w.org\/{rel}","templated":true}]}}