{"id":2420,"date":"2024-12-19T10:02:01","date_gmt":"2024-12-19T09:02:01","guid":{"rendered":"https:\/\/grupoprolutec.com\/mongay-2\/"},"modified":"2024-12-30T11:23:53","modified_gmt":"2024-12-30T10:23:53","slug":"mongay","status":"publish","type":"page","link":"https:\/\/grupoprolutec.com\/en\/learning\/mongay\/","title":{"rendered":"Mongay"},"content":{"rendered":"\t\t<div data-elementor-type=\"wp-page\" data-elementor-id=\"2420\" class=\"elementor elementor-2420 elementor-2258\" data-elementor-post-type=\"page\">\n\t\t\t\t\t\t\t<div class=\"elementor-element elementor-element-9b5a2c3 e-flex e-con-boxed e-con e-parent\" data-id=\"9b5a2c3\" data-element_type=\"container\" data-settings=\"{&quot;background_background&quot;:&quot;classic&quot;,&quot;container_type&quot;:&quot;flex&quot;,&quot;content_width&quot;:&quot;boxed&quot;}\" data-core-v316-plus=\"true\">\n\t\t\t\t\t<div class=\"e-con-inner\">\n\t\t<div class=\"elementor-element elementor-element-b61fe8e e-flex e-con-boxed e-con e-child\" data-id=\"b61fe8e\" data-element_type=\"container\" data-settings=\"{&quot;container_type&quot;:&quot;flex&quot;,&quot;content_width&quot;:&quot;boxed&quot;}\">\n\t\t\t\t\t<div class=\"e-con-inner\">\n\t\t\t\t<div class=\"elementor-element elementor-element-078ceb0 destacado elementor-widget elementor-widget-heading\" data-id=\"078ceb0\" data-element_type=\"widget\" data-widget_type=\"heading.default\">\n\t\t\t\t<div class=\"elementor-widget-container\">\n\t\t\t<style>\/*! elementor - v3.18.0 - 20-12-2023 *\/\n.elementor-heading-title{padding:0;margin:0;line-height:1}.elementor-widget-heading .elementor-heading-title[class*=elementor-size-]>a{color:inherit;font-size:inherit;line-height:inherit}.elementor-widget-heading .elementor-heading-title.elementor-size-small{font-size:15px}.elementor-widget-heading .elementor-heading-title.elementor-size-medium{font-size:19px}.elementor-widget-heading .elementor-heading-title.elementor-size-large{font-size:29px}.elementor-widget-heading .elementor-heading-title.elementor-size-xl{font-size:39px}.elementor-widget-heading .elementor-heading-title.elementor-size-xxl{font-size:59px}<\/style><h3 class=\"elementor-heading-title elementor-size-default\">Mongay Learning<\/h3>\t\t<\/div>\n\t\t\t\t<\/div>\n\t\t\t\t\t<\/div>\n\t\t\t\t<\/div>\n\t\t<div class=\"elementor-element elementor-element-3add505 e-flex e-con-boxed e-con e-child\" data-id=\"3add505\" data-element_type=\"container\" data-settings=\"{&quot;container_type&quot;:&quot;flex&quot;,&quot;content_width&quot;:&quot;boxed&quot;}\">\n\t\t\t\t\t<div class=\"e-con-inner\">\n\t\t<div class=\"elementor-element elementor-element-71b4486 e-flex e-con-boxed e-con e-child\" data-id=\"71b4486\" data-element_type=\"container\" data-settings=\"{&quot;container_type&quot;:&quot;flex&quot;,&quot;content_width&quot;:&quot;boxed&quot;}\">\n\t\t\t\t\t<div class=\"e-con-inner\">\n\t\t\t\t<div class=\"elementor-element elementor-element-04838e9 elementor-widget elementor-widget-image\" data-id=\"04838e9\" data-element_type=\"widget\" data-widget_type=\"image.default\">\n\t\t\t\t<div class=\"elementor-widget-container\">\n\t\t\t<style>\/*! elementor - v3.18.0 - 20-12-2023 *\/\n.elementor-widget-image{text-align:center}.elementor-widget-image a{display:inline-block}.elementor-widget-image a img[src$=\".svg\"]{width:48px}.elementor-widget-image img{vertical-align:middle;display:inline-block}<\/style>\t\t\t\t\t\t\t\t\t\t\t\t<img fetchpriority=\"high\" decoding=\"async\" width=\"647\" height=\"561\" src=\"https:\/\/grupoprolutec.com\/app\/uploads\/2024\/12\/mongaylearning.jpg\" class=\"attachment-large size-large wp-image-2197\" alt=\"\" srcset=\"https:\/\/grupoprolutec.com\/app\/uploads\/2024\/12\/mongaylearning.jpg 647w, https:\/\/grupoprolutec.com\/app\/uploads\/2024\/12\/mongaylearning-300x260.jpg 300w\" sizes=\"(max-width: 647px) 100vw, 647px\" \/>\t\t\t\t\t\t\t\t\t\t\t\t\t\t\t<\/div>\n\t\t\t\t<\/div>\n\t\t\t\t\t<\/div>\n\t\t\t\t<\/div>\n\t\t<div class=\"elementor-element elementor-element-1c6ffad e-flex e-con-boxed e-con e-child\" data-id=\"1c6ffad\" data-element_type=\"container\" data-settings=\"{&quot;container_type&quot;:&quot;flex&quot;,&quot;content_width&quot;:&quot;boxed&quot;}\">\n\t\t\t\t\t<div class=\"e-con-inner\">\n\t\t\t\t<div class=\"elementor-element elementor-element-faca7dc destacado elementor-widget elementor-widget-heading\" data-id=\"faca7dc\" data-element_type=\"widget\" data-widget_type=\"heading.default\">\n\t\t\t\t<div class=\"elementor-widget-container\">\n\t\t\t<h5 class=\"elementor-heading-title elementor-size-default\">Mission<\/h5>\t\t<\/div>\n\t\t\t\t<\/div>\n\t\t\t\t<div class=\"elementor-element elementor-element-f0a5262 elementor-widget elementor-widget-text-editor\" data-id=\"f0a5262\" data-element_type=\"widget\" data-widget_type=\"text-editor.default\">\n\t\t\t\t<div class=\"elementor-widget-container\">\n\t\t\t<style>\/*! elementor - v3.18.0 - 20-12-2023 *\/\n.elementor-widget-text-editor.elementor-drop-cap-view-stacked .elementor-drop-cap{background-color:#69727d;color:#fff}.elementor-widget-text-editor.elementor-drop-cap-view-framed .elementor-drop-cap{color:#69727d;border:3px solid;background-color:transparent}.elementor-widget-text-editor:not(.elementor-drop-cap-view-default) .elementor-drop-cap{margin-top:8px}.elementor-widget-text-editor:not(.elementor-drop-cap-view-default) .elementor-drop-cap-letter{width:1em;height:1em}.elementor-widget-text-editor .elementor-drop-cap{float:left;text-align:center;line-height:1;font-size:50px}.elementor-widget-text-editor .elementor-drop-cap-letter{display:inline-block}<\/style>\t\t\t\t<p>The primary <strong>goal<\/strong> of training at <strong>Mongay is to equip clients<\/strong> to accurately<strong> diagnose their customers&#8217; needs<\/strong> and prescribe <strong>the appropriate product<\/strong>, thus avoiding problems and claims.<\/p>\n\t\t\t\t\t\t<\/div>\n\t\t\t\t<\/div>\n\t\t\t\t<div class=\"elementor-element elementor-element-b765957 destacado elementor-widget elementor-widget-heading\" data-id=\"b765957\" data-element_type=\"widget\" data-widget_type=\"heading.default\">\n\t\t\t\t<div class=\"elementor-widget-container\">\n\t\t\t<h5 class=\"elementor-heading-title elementor-size-default\">Vision<\/h5>\t\t<\/div>\n\t\t\t\t<\/div>\n\t\t\t\t<div class=\"elementor-element elementor-element-cab59d1 check-list elementor-widget elementor-widget-text-editor\" data-id=\"cab59d1\" data-element_type=\"widget\" data-widget_type=\"text-editor.default\">\n\t\t\t\t<div class=\"elementor-widget-container\">\n\t\t\t\t\t\t\t<ul>\n<li><strong>Contribute to a more responsible use of products:<\/strong> By promoting the selection of products that are less hazardous to the environment and by promoting good storage and use practices.<\/li>\n<li><strong>Optimize the use of resources:<\/strong> By helping clients select the most suitable products for each task, thus avoiding the waste of materials and reducing costs.<\/li>\n<li><strong>Increase the lifespan of products:<\/strong> By providing the necessary information so that clients can apply and care for products correctly, thus extending their lifespan and reducing the amount of waste generated.<\/li>\n<\/ul>\n\t\t\t\t\t\t<\/div>\n\t\t\t\t<\/div>\n\t\t\t\t\t<\/div>\n\t\t\t\t<\/div>\n\t\t\t\t\t<\/div>\n\t\t\t\t<\/div>\n\t\t\t\t\t<\/div>\n\t\t\t\t<\/div>\n\t\t<div class=\"elementor-element elementor-element-b40b3a2 e-flex e-con-boxed e-con e-parent\" data-id=\"b40b3a2\" data-element_type=\"container\" data-settings=\"{&quot;container_type&quot;:&quot;flex&quot;,&quot;content_width&quot;:&quot;boxed&quot;}\" data-core-v316-plus=\"true\">\n\t\t\t\t\t<div class=\"e-con-inner\">\n\t\t<div class=\"elementor-element elementor-element-4e41200 e-flex e-con-boxed e-con e-child\" data-id=\"4e41200\" data-element_type=\"container\" data-settings=\"{&quot;background_background&quot;:&quot;classic&quot;,&quot;container_type&quot;:&quot;flex&quot;,&quot;content_width&quot;:&quot;boxed&quot;}\">\n\t\t\t\t\t<div class=\"e-con-inner\">\n\t\t<div class=\"elementor-element elementor-element-39fda58 e-flex e-con-boxed e-con e-child\" data-id=\"39fda58\" data-element_type=\"container\" data-settings=\"{&quot;container_type&quot;:&quot;flex&quot;,&quot;content_width&quot;:&quot;boxed&quot;}\">\n\t\t\t\t\t<div class=\"e-con-inner\">\n\t\t\t\t<div class=\"elementor-element elementor-element-b876c79 elementor-widget elementor-widget-heading\" data-id=\"b876c79\" data-element_type=\"widget\" data-widget_type=\"heading.default\">\n\t\t\t\t<div class=\"elementor-widget-container\">\n\t\t\t<h2 class=\"elementor-heading-title elementor-size-default\">More information?<\/h2>\t\t<\/div>\n\t\t\t\t<\/div>\n\t\t\t\t<div class=\"elementor-element elementor-element-437c3d8 elementor-widget elementor-widget-shortcode\" data-id=\"437c3d8\" data-element_type=\"widget\" data-widget_type=\"shortcode.default\">\n\t\t\t\t<div class=\"elementor-widget-container\">\n\t\t\t\t\t<div class=\"elementor-shortcode\">\n<div class=\"wpcf7 no-js\" id=\"wpcf7-f2214-o1\" lang=\"es-ES\" dir=\"ltr\">\n<div class=\"screen-reader-response\"><p role=\"status\" aria-live=\"polite\" aria-atomic=\"true\"><\/p> <ul><\/ul><\/div>\n<form action=\"\/en\/wp-json\/wp\/v2\/pages\/2420#wpcf7-f2214-o1\" method=\"post\" class=\"wpcf7-form init\" aria-label=\"Formulario de contacto\" novalidate=\"novalidate\" data-status=\"init\">\n<div style=\"display: none;\">\n<input type=\"hidden\" name=\"_wpcf7\" value=\"2214\" \/>\n<input type=\"hidden\" name=\"_wpcf7_version\" value=\"5.8.6\" \/>\n<input type=\"hidden\" name=\"_wpcf7_locale\" value=\"es_ES\" \/>\n<input type=\"hidden\" name=\"_wpcf7_unit_tag\" value=\"wpcf7-f2214-o1\" \/>\n<input type=\"hidden\" name=\"_wpcf7_container_post\" value=\"0\" \/>\n<input type=\"hidden\" name=\"_wpcf7_posted_data_hash\" value=\"\" \/>\n<\/div>\n<div class=\"row\">\n\t<div class=\"col-md-6\">\n\t\t<p><label>Nombre y Apellidos<br \/>\n<span class=\"wpcf7-form-control-wrap\" data-name=\"your-name\"><input size=\"40\" class=\"wpcf7-form-control wpcf7-text wpcf7-validates-as-required\" autocomplete=\"name\" aria-required=\"true\" aria-invalid=\"false\" value=\"\" type=\"text\" name=\"your-name\" \/><\/span> <\/label>\n\t\t<\/p>\n\t<\/div>\n\t<div class=\"col-md-6\">\n\t\t<p><label>Correo electr\u00f3nico<br \/>\n<span class=\"wpcf7-form-control-wrap\" data-name=\"your-email\"><input size=\"40\" class=\"wpcf7-form-control wpcf7-email wpcf7-validates-as-required wpcf7-text wpcf7-validates-as-email\" autocomplete=\"email\" aria-required=\"true\" aria-invalid=\"false\" value=\"\" type=\"email\" name=\"your-email\" \/><\/span> <\/label>\n\t\t<\/p>\n\t<\/div>\n\t<div class=\"col-md-6\">\n\t\t<p><label>Tel\u00e9fono<br \/>\n<span class=\"wpcf7-form-control-wrap\" data-name=\"telefono\"><input size=\"40\" class=\"wpcf7-form-control wpcf7-tel wpcf7-text wpcf7-validates-as-tel\" aria-invalid=\"false\" value=\"\" type=\"tel\" name=\"telefono\" \/><\/span><\/label>\n\t\t<\/p>\n\t<\/div>\n\t<div class=\"col-md-6\">\n\t\t<p><label>Servicio<br \/>\n<span class=\"wpcf7-form-control-wrap\" data-name=\"servicio\"><select class=\"wpcf7-form-control wpcf7-select\" aria-invalid=\"false\" name=\"servicio\"><option value=\"\">&#8212;Por favor, elige una opci\u00f3n&#8212;<\/option><option value=\"Tipo de servicio\">Tipo de servicio<\/option><option value=\"Formaci\u00f3n\">Formaci\u00f3n<\/option><option value=\"Auditor\u00eda\">Auditor\u00eda<\/option><option value=\"Consultor\u00eda\">Consultor\u00eda<\/option><option value=\"Plan de lubricaci\u00f3n\">Plan de lubricaci\u00f3n<\/option><\/select><\/span><\/label>\n\t\t<\/p>\n\t<\/div>\n\t<div class=\"col-md-12\">\n\t\t<p><label>Mensaje<br \/>\n<span class=\"wpcf7-form-control-wrap\" data-name=\"your-message\"><textarea cols=\"40\" rows=\"10\" class=\"wpcf7-form-control wpcf7-textarea\" aria-invalid=\"false\" name=\"your-message\"><\/textarea><\/span> <\/label>\n\t\t<\/p>\n\t\t<p><span class=\"wpcf7-form-control-wrap\" data-name=\"acceptance-423\"><span class=\"wpcf7-form-control wpcf7-acceptance\"><span class=\"wpcf7-list-item\"><label><input type=\"checkbox\" name=\"acceptance-423\" value=\"1\" aria-invalid=\"false\" \/><span class=\"wpcf7-list-item-label\">He le\u00eddo y acepto la <a href=\"https:\/\/grupoprolutec.com\/politica-privacidad\/\" target=\"_blank\">Pol\u00edtica de privacidad<\/a><\/span><\/label><\/span><\/span><\/span>\n\t\t<\/p>\n\t\t<p><span class=\"wpcf7-form-control-wrap\" data-name=\"acceptance-424\"><span class=\"wpcf7-form-control wpcf7-acceptance optional\"><span class=\"wpcf7-list-item\"><label><input type=\"checkbox\" name=\"acceptance-424\" value=\"1\" aria-invalid=\"false\" \/><span class=\"wpcf7-list-item-label\">Acepto recibir informaci\u00f3n sobre las actividades, novedades, servicios y\/o productos de PROLUTEC, S.A.<\/span><\/label><\/span><\/span><\/span>\n\t\t<\/p>\n\t\t<p><small>PROLUTEC, S.A. te informa que los datos de car\u00e1cter personal que nos proporciones rellenando el presente formulario ser\u00e1n tratados por PROLUTEC, S.A. como responsable de esta web. La finalidad de la recogida y tratamiento de los datos personales que te solicitamos es para enviarte nuestras publicaciones, promociones de productos y\/o Servicios y recursos exclusivos. La legitimaci\u00f3n se realiza a trav\u00e9s del consentimiento del interesado. Te informamos que los datos que nos facilitas los guardar\u00e1 PROLUTEC, S.A. El hecho de que no introduzcas los datos de car\u00e1cter personal que aparecen en el formulario como obligatorios podr\u00e1 tener como consecuencia que no podamos atender tu solicitud. Los datos no se ceder\u00e1n a terceros a no ser que lo exija una ley o sea necesario para cumplir con la finalidad del tratamiento. Podr\u00e1s ejercer tus derechos de acceso, rectificaci\u00f3n, limitaci\u00f3n, portabilidad, supresi\u00f3n y cancelaci\u00f3n de los datos en info@prolutec.es as\u00ed como el derecho a presentar una reclamaci\u00f3n ante una autoridad de control. Puedes consultar la informaci\u00f3n adicional y detallada sobre Protecci\u00f3n de Datos en nuestra <a href=\"https:\/\/grupoprolutec.com\/politica-privacidad\/\" target=\"_blank\">Pol\u00edtica de privacidad<\/a>.<\/small>\n\t\t<\/p>\n\t<\/div>\n\t<div class=\"col-md-12\">\n\t\t<p><input class=\"wpcf7-form-control wpcf7-submit has-spinner\" type=\"submit\" value=\"Enviar\" \/>\n\t\t<\/p>\n\t<\/div>\n<\/div><div class=\"wpcf7-response-output\" aria-hidden=\"true\"><\/div>\n<\/form>\n<\/div>\n<\/div>\n\t\t\t\t<\/div>\n\t\t\t\t<\/div>\n\t\t\t\t\t<\/div>\n\t\t\t\t<\/div>\n\t\t\t\t\t<\/div>\n\t\t\t\t<\/div>\n\t\t\t\t\t<\/div>\n\t\t\t\t<\/div>\n\t\t\t\t\t\t\t<\/div>\n\t\t","protected":false},"excerpt":{"rendered":"<p>Mongay Learning Mission The primary goal of training at Mongay is to equip clients to accurately diagnose their customers&#8217; needs and prescribe the appropriate product, thus avoiding problems and claims&#8230;.<\/p>\n","protected":false},"author":1,"featured_media":0,"parent":2432,"menu_order":2,"comment_status":"closed","ping_status":"closed","template":"","meta":{"_acf_changed":false,"inline_featured_image":false,"footnotes":""},"class_list":["post-2420","page","type-page","status-publish","hentry"],"acf":[],"yoast_head":"<!-- This site is optimized with the Yoast SEO plugin v24.2 - https:\/\/yoast.com\/wordpress\/plugins\/seo\/ -->\n<title>Mongay - Grupo Prolutec<\/title>\n<meta name=\"robots\" content=\"index, follow, max-snippet:-1, max-image-preview:large, max-video-preview:-1\" \/>\n<link rel=\"canonical\" href=\"https:\/\/grupoprolutec.com\/en\/learning\/mongay\/\" \/>\n<meta property=\"og:locale\" content=\"en_US\" \/>\n<meta property=\"og:type\" content=\"article\" \/>\n<meta property=\"og:title\" content=\"Mongay - Grupo Prolutec\" \/>\n<meta property=\"og:description\" content=\"Mongay Learning Mission The primary goal of training at Mongay is to equip clients to accurately diagnose their customers&#8217; needs and prescribe the appropriate product, thus avoiding problems and claims....\" \/>\n<meta property=\"og:url\" content=\"https:\/\/grupoprolutec.com\/en\/learning\/mongay\/\" \/>\n<meta property=\"og:site_name\" content=\"Grupo Prolutec\" \/>\n<meta property=\"article:modified_time\" content=\"2024-12-30T10:23:53+00:00\" \/>\n<meta property=\"og:image\" content=\"https:\/\/grupoprolutec.com\/app\/uploads\/2024\/12\/mongaylearning.jpg\" \/>\n<meta name=\"twitter:card\" content=\"summary_large_image\" \/>\n<meta name=\"twitter:label1\" content=\"Est. reading time\" \/>\n\t<meta name=\"twitter:data1\" content=\"1 minute\" \/>\n<script type=\"application\/ld+json\" class=\"yoast-schema-graph\">{\"@context\":\"https:\/\/schema.org\",\"@graph\":[{\"@type\":\"WebPage\",\"@id\":\"https:\/\/grupoprolutec.com\/en\/learning\/mongay\/\",\"url\":\"https:\/\/grupoprolutec.com\/en\/learning\/mongay\/\",\"name\":\"Mongay - Grupo Prolutec\",\"isPartOf\":{\"@id\":\"https:\/\/grupoprolutec.com\/en\/#website\"},\"primaryImageOfPage\":{\"@id\":\"https:\/\/grupoprolutec.com\/en\/learning\/mongay\/#primaryimage\"},\"image\":{\"@id\":\"https:\/\/grupoprolutec.com\/en\/learning\/mongay\/#primaryimage\"},\"thumbnailUrl\":\"https:\/\/grupoprolutec.com\/app\/uploads\/2024\/12\/mongaylearning.jpg\",\"datePublished\":\"2024-12-19T09:02:01+00:00\",\"dateModified\":\"2024-12-30T10:23:53+00:00\",\"breadcrumb\":{\"@id\":\"https:\/\/grupoprolutec.com\/en\/learning\/mongay\/#breadcrumb\"},\"inLanguage\":\"en-US\",\"potentialAction\":[{\"@type\":\"ReadAction\",\"target\":[\"https:\/\/grupoprolutec.com\/en\/learning\/mongay\/\"]}]},{\"@type\":\"ImageObject\",\"inLanguage\":\"en-US\",\"@id\":\"https:\/\/grupoprolutec.com\/en\/learning\/mongay\/#primaryimage\",\"url\":\"https:\/\/grupoprolutec.com\/app\/uploads\/2024\/12\/mongaylearning.jpg\",\"contentUrl\":\"https:\/\/grupoprolutec.com\/app\/uploads\/2024\/12\/mongaylearning.jpg\"},{\"@type\":\"BreadcrumbList\",\"@id\":\"https:\/\/grupoprolutec.com\/en\/learning\/mongay\/#breadcrumb\",\"itemListElement\":[{\"@type\":\"ListItem\",\"position\":1,\"name\":\"Learning\",\"item\":\"https:\/\/grupoprolutec.com\/en\/formacion\/\"},{\"@type\":\"ListItem\",\"position\":2,\"name\":\"Mongay\"}]},{\"@type\":\"WebSite\",\"@id\":\"https:\/\/grupoprolutec.com\/en\/#website\",\"url\":\"https:\/\/grupoprolutec.com\/en\/\",\"name\":\"Grupo Prolutec\",\"description\":\"\",\"potentialAction\":[{\"@type\":\"SearchAction\",\"target\":{\"@type\":\"EntryPoint\",\"urlTemplate\":\"https:\/\/grupoprolutec.com\/en\/?s={search_term_string}\"},\"query-input\":{\"@type\":\"PropertyValueSpecification\",\"valueRequired\":true,\"valueName\":\"search_term_string\"}}],\"inLanguage\":\"en-US\"}]}<\/script>\n<!-- \/ Yoast SEO plugin. -->","yoast_head_json":{"title":"Mongay - Grupo Prolutec","robots":{"index":"index","follow":"follow","max-snippet":"max-snippet:-1","max-image-preview":"max-image-preview:large","max-video-preview":"max-video-preview:-1"},"canonical":"https:\/\/grupoprolutec.com\/en\/learning\/mongay\/","og_locale":"en_US","og_type":"article","og_title":"Mongay - Grupo Prolutec","og_description":"Mongay Learning Mission The primary goal of training at Mongay is to equip clients to accurately diagnose their customers&#8217; needs and prescribe the appropriate product, thus avoiding problems and claims....","og_url":"https:\/\/grupoprolutec.com\/en\/learning\/mongay\/","og_site_name":"Grupo Prolutec","article_modified_time":"2024-12-30T10:23:53+00:00","og_image":[{"url":"https:\/\/grupoprolutec.com\/app\/uploads\/2024\/12\/mongaylearning.jpg","type":"","width":"","height":""}],"twitter_card":"summary_large_image","twitter_misc":{"Est. reading time":"1 minute"},"schema":{"@context":"https:\/\/schema.org","@graph":[{"@type":"WebPage","@id":"https:\/\/grupoprolutec.com\/en\/learning\/mongay\/","url":"https:\/\/grupoprolutec.com\/en\/learning\/mongay\/","name":"Mongay - Grupo Prolutec","isPartOf":{"@id":"https:\/\/grupoprolutec.com\/en\/#website"},"primaryImageOfPage":{"@id":"https:\/\/grupoprolutec.com\/en\/learning\/mongay\/#primaryimage"},"image":{"@id":"https:\/\/grupoprolutec.com\/en\/learning\/mongay\/#primaryimage"},"thumbnailUrl":"https:\/\/grupoprolutec.com\/app\/uploads\/2024\/12\/mongaylearning.jpg","datePublished":"2024-12-19T09:02:01+00:00","dateModified":"2024-12-30T10:23:53+00:00","breadcrumb":{"@id":"https:\/\/grupoprolutec.com\/en\/learning\/mongay\/#breadcrumb"},"inLanguage":"en-US","potentialAction":[{"@type":"ReadAction","target":["https:\/\/grupoprolutec.com\/en\/learning\/mongay\/"]}]},{"@type":"ImageObject","inLanguage":"en-US","@id":"https:\/\/grupoprolutec.com\/en\/learning\/mongay\/#primaryimage","url":"https:\/\/grupoprolutec.com\/app\/uploads\/2024\/12\/mongaylearning.jpg","contentUrl":"https:\/\/grupoprolutec.com\/app\/uploads\/2024\/12\/mongaylearning.jpg"},{"@type":"BreadcrumbList","@id":"https:\/\/grupoprolutec.com\/en\/learning\/mongay\/#breadcrumb","itemListElement":[{"@type":"ListItem","position":1,"name":"Learning","item":"https:\/\/grupoprolutec.com\/en\/formacion\/"},{"@type":"ListItem","position":2,"name":"Mongay"}]},{"@type":"WebSite","@id":"https:\/\/grupoprolutec.com\/en\/#website","url":"https:\/\/grupoprolutec.com\/en\/","name":"Grupo Prolutec","description":"","potentialAction":[{"@type":"SearchAction","target":{"@type":"EntryPoint","urlTemplate":"https:\/\/grupoprolutec.com\/en\/?s={search_term_string}"},"query-input":{"@type":"PropertyValueSpecification","valueRequired":true,"valueName":"search_term_string"}}],"inLanguage":"en-US"}]}},"_links":{"self":[{"href":"https:\/\/grupoprolutec.com\/en\/wp-json\/wp\/v2\/pages\/2420","targetHints":{"allow":["GET"]}}],"collection":[{"href":"https:\/\/grupoprolutec.com\/en\/wp-json\/wp\/v2\/pages"}],"about":[{"href":"https:\/\/grupoprolutec.com\/en\/wp-json\/wp\/v2\/types\/page"}],"author":[{"embeddable":true,"href":"https:\/\/grupoprolutec.com\/en\/wp-json\/wp\/v2\/users\/1"}],"replies":[{"embeddable":true,"href":"https:\/\/grupoprolutec.com\/en\/wp-json\/wp\/v2\/comments?post=2420"}],"version-history":[{"count":4,"href":"https:\/\/grupoprolutec.com\/en\/wp-json\/wp\/v2\/pages\/2420\/revisions"}],"predecessor-version":[{"id":2439,"href":"https:\/\/grupoprolutec.com\/en\/wp-json\/wp\/v2\/pages\/2420\/revisions\/2439"}],"up":[{"embeddable":true,"href":"https:\/\/grupoprolutec.com\/en\/wp-json\/wp\/v2\/pages\/2432"}],"wp:attachment":[{"href":"https:\/\/grupoprolutec.com\/en\/wp-json\/wp\/v2\/media?parent=2420"}],"curies":[{"name":"wp","href":"https:\/\/api.w.org\/{rel}","templated":true}]}}